{"id":16,"date":"2018-01-02T14:51:55","date_gmt":"2018-01-02T13:51:55","guid":{"rendered":"http:\/\/ehg.ernst-herzfeld-gesellschaft.com\/?page_id=16"},"modified":"2018-01-04T11:36:46","modified_gmt":"2018-01-04T10:36:46","slug":"tagungen","status":"publish","type":"page","link":"https:\/\/ernst-herzfeld-gesellschaft.com\/en\/tagungen\/","title":{"rendered":"Tagungen"},"content":{"rendered":"<p>Seit ihrer Gr\u00fcndung hat die Ernst Herzfeld-Gesellschaft j\u00e4hrlich an wechselnden Orten in Deutschland und Europa Kolloquien durchgef\u00fchrt (so in Bamberg, Berlin, Bonn, Frankfurt am Main, Hamburg, Toledo, Wien, Z\u00fcrich). Diese konzentrieren sich wechselweise auf Themen oder die Pr\u00e4sentation aktueller Forschungsergebnisse. Eine \u00dcbersicht der Kolloquien, Programme uind Tagungsorte finden Sie hier: <a href=\"http:\/\/ehg.ernst-herzfeld-gesellschaft.com\/kolloquien\/\">Kolloquien<\/a><\/p>\n<p>Seit 2013 werden von Studierenden im Master und Doktorat, die sich in der Ernst Herzfeld-Gesellschaft engagieren, j\u00e4hrliche Nachwuchstreffen veranstaltet. Seit 2014 werden diese Treffen in Verbindung mit den Kolloquien abgehalten. Sie finden am Donnerstag vor dem Kolloquium statt.<br \/>\nEine \u00dcbersicht finden Sie hier: <a href=\"http:\/\/www.ernst-herzfeld-gesellschaft.com\/index.php\/nachwuchstreffen.html\">Nachwuchstreffen<\/a><\/p>\n<p>Einige Tagungen haben seit 2015 auch Posterpr\u00e4sentationen angeboten. Poster dazu finden Sie <a href=\"http:\/\/www.ernst-herzfeld-gesellschaft.com\/index.php\/abstracts-und-poster.html\">hier<\/a>.<\/p>\n","protected":false},"excerpt":{"rendered":"<p>Seit ihrer Gr\u00fcndung hat die Ernst Herzfeld-Gesellschaft j\u00e4hrlich an wechselnden Orten in Deutschland und Europa Kolloquien durchgef\u00fchrt (so in Bamberg, Berlin, Bonn, Frankfurt am Main, Hamburg, Toledo, Wien, Z\u00fcrich). Diese konzentrieren sich wechselweise auf Themen oder die Pr\u00e4sentation aktueller Forschungsergebnisse. Eine \u00dcbersicht der Kolloquien, Programme uind Tagungsorte finden Sie hier: Kolloquien Seit 2013 werden von &hellip; <a href=\"https:\/\/ernst-herzfeld-gesellschaft.com\/en\/tagungen\/\" class=\"more-link\">Continue reading <span class=\"screen-reader-text\">Tagungen<\/span><\/a><\/p>\n","protected":false},"author":1,"featured_media":45,"parent":0,"menu_order":0,"comment_status":"closed","ping_status":"closed","template":"","meta":{"footnotes":""},"translation":{"provider":"WPGlobus","version":"3.0.0","language":"en","enabled_languages":["de","en"],"languages":{"de":{"title":true,"content":true,"excerpt":false},"en":{"title":false,"content":false,"excerpt":false}}},"_links":{"self":[{"href":"https:\/\/ernst-herzfeld-gesellschaft.com\/en\/wp-json\/wp\/v2\/pages\/16"}],"collection":[{"href":"https:\/\/ernst-herzfeld-gesellschaft.com\/en\/wp-json\/wp\/v2\/pages"}],"about":[{"href":"https:\/\/ernst-herzfeld-gesellschaft.com\/en\/wp-json\/wp\/v2\/types\/page"}],"author":[{"embeddable":true,"href":"https:\/\/ernst-herzfeld-gesellschaft.com\/en\/wp-json\/wp\/v2\/users\/1"}],"replies":[{"embeddable":true,"href":"https:\/\/ernst-herzfeld-gesellschaft.com\/en\/wp-json\/wp\/v2\/comments?post=16"}],"version-history":[{"count":2,"href":"https:\/\/ernst-herzfeld-gesellschaft.com\/en\/wp-json\/wp\/v2\/pages\/16\/revisions"}],"predecessor-version":[{"id":291,"href":"https:\/\/ernst-herzfeld-gesellschaft.com\/en\/wp-json\/wp\/v2\/pages\/16\/revisions\/291"}],"wp:featuredmedia":[{"embeddable":true,"href":"https:\/\/ernst-herzfeld-gesellschaft.com\/en\/wp-json\/wp\/v2\/media\/45"}],"wp:attachment":[{"href":"https:\/\/ernst-herzfeld-gesellschaft.com\/en\/wp-json\/wp\/v2\/media?parent=16"}],"curies":[{"name":"wp","href":"https:\/\/api.w.org\/{rel}","templated":true}]}}