{"id":20,"date":"2025-01-21T13:02:59","date_gmt":"2025-01-21T12:02:59","guid":{"rendered":"http:\/\/ehg.ernst-herzfeld-gesellschaft.com\/?page_id=20"},"modified":"2025-10-09T10:55:42","modified_gmt":"2025-10-09T08:55:42","slug":"nachwuchstreffen","status":"publish","type":"page","link":"https:\/\/ernst-herzfeld-gesellschaft.com\/en\/nachwuchstreffen\/","title":{"rendered":"Student and graduate meetings"},"content":{"rendered":"<p>The furthering of students, graduates, and junior researchers is a main aim of the Society as noted in the statutes. The Society wants to offer to them a fore for presenting on-going projects in History of Islamic Art, such as research for master and doctoral theses. Since 2013 students and graduates meetings are held annually, usually in conjunction with the regular colloquia of the Society. The call for paper and the meetings are organized by the member in the advisory board of the Society who represents junior researchers, currently: <a href=\"https:\/\/ufind.univie.ac.at\/de\/person.html?id=1005009\">Salma Azzam<\/a>.<\/p>\n<h2>Graduate Meetings Frankfurt am Main, 2026<\/h2>\n<p>Our graduate meeting in Frankfurt am Main takes place on July 2, 2026 in conjuction with the 21st colloquium.<br \/>\nInformation for the Call for Papers: <a href=\"http:\/\/ernst-herzfeld-gesellschaft.com\/wp-content\/uploads\/2025\/10\/Graduate-Meeting-CFP-2026.pdf\">Call for Papers &#8211; Graduate Student Meeting<\/a><br \/>\nDeadline: <strong>15 December 2025<\/strong><\/p>\n<h2>Graduate Meetings Cairo, 2025<\/h2>\n<p>Our graduate meeting in Cairo takes place on July 3, 2025 in conjuction with the 20th colloquium.<br \/>\nInformation for the Call for Papers: <a href=\"http:\/\/ernst-herzfeld-gesellschaft.com\/wp-content\/uploads\/2025\/01\/EHG-Graduate-Meeting-Call-2025-New-Deadline.pdf\">Call for Papers &#8211; Graduate Student Meeting<\/a><br \/>\nDeadline (extended) <strong>10 February 2025<\/strong><\/p>\n<h2>Graduate Meetings Romont, 2024<\/h2>\n<p>Our graduate meeting in Romont takes place on July 4, 2024 in conjuction with the 19th colloquium.<br \/>\nInformation for the Call for Papers: <a href=\"https:\/\/ernst-herzfeld-gesellschaft.com\/wp-content\/uploads\/2023\/10\/EHG_Call-Romont-2024a.pdf\">Call for Papers &#8211; Graduate Student Meeting<\/a><\/p>\n<h2>Graduate Meetings Rome, 2021<\/h2>\n<p>Our graduate meeting in Rome takes place on July 1, 2021 the day before the 16th colloquium. Please see here the programme:<br \/>\n<a href=\"http:\/\/ernst-herzfeld-gesellschaft.com\/wp-content\/uploads\/2021\/06\/EHG16-Graduate-Meeting-Program.pdf\">Programme Graduate Meeting Rome 2021<\/a><br \/>\nFor further questions and information, please contact: <a href=\"mailto:sarah.johnson@wereldculturen.nl\">sarah.johnson@wereldculturen.nl<\/a><\/p>\n<h2>Graduate Meetings 2020, online<\/h2>\n<p>The postponed graduate meeting takes place online, on October 1, 2020. Please see here the programme:<br \/>\n<a href=\"https:\/\/ernst-herzfeld-gesellschaft.com\/wp-content\/uploads\/2021\/06\/EHG16-Graduate-Meeting-Program.pdf\">Programme Graduate Meeting 2020<\/a><br \/>\nFor further questions and information, please contact: <a href=\"mailto:sarah.johnson@wereldculturen.nl\">sarah.johnson@wereldculturen.nl<\/a><\/p>\n<h2>Graduate Meetings Budapest, 2019<\/h2>\n<p>Our graduate meeting in Budapest takes place on July 4, 2019 the day before the 15th colloquium. Please see here the programme:<br \/>\n<a href=\"http:\/\/ernst-herzfeld-gesellschaft.com\/wp-content\/uploads\/2019\/07\/EHG-Graduate-Meeting-2019-programme-1.pdf\">Programme Graduate Meeting Budapest 2019<\/a><br \/>\norganized by Sarah Johnson and Safa Mahmoudian.<br \/>\nFor further questions and information, please contact: <a href=\"mailto:sarah.cresap.johnson@gmail.com\">sarah.cresap.johnson@gmail.com<\/a> or <a href=\"mailto:safa.mahmoudian@univie.ac.at\">safa.mahmoudian@univie.ac.at<\/a><\/p>\n<h2>Graduate Meetings Strasbourg, 2018<\/h2>\n<p>The annual graduate meeting takes place on July 5, 2018 the day before the 14th colloquium of the Ernst Herzfeld Society in Strasbourg. Please see here the programme:<br \/>\n<a href=\"http:\/\/ernst-herzfeld-gesellschaft.com\/wp-content\/uploads\/2018\/07\/EHG-2018_Graduate-Meeting_Final-Programme.pdf\" target=\"_blank\" rel=\"noopener noreferrer\">Programme Graudate Meeting Strasbourg 2018<\/a><\/p>\n<p>For further questions and information, please contact our Advisory Board member Sarah Johnson: <a href=\"mailto:sarah.cresap.johnson@gmail.com\">sarah.cresap.johnson@gmail.com<\/a><\/p>\n<h2>Graduate Meetings Vienna, 2017<\/h2>\n<p>Am 6. Juli 2017 findet im Rahmen des 13. Kolloquiums der EHG in Wien das Nachwuchstreffen statt.<\/p>\n<p>Das Programm finden Sie hier:<br \/>\n<a href=\"http:\/\/ernst-herzfeld-gesellschaft.com\/wp-content\/uploads\/2018\/01\/NEU.pdf\">Programm Nachwuchstreffen Wien 2017<\/a><\/p>\n<p>Bei Fragen und f\u00fcr weitere Informationen kontaktieren Sie bitte die Organisatorin, unser Beiratsmitglied Frau Sarah Johnson : <a href=\"mailto:sarah.cresap.johnson@gmail.com\">sarah.cresap.johnson@gmail.com<\/a><\/p>\n<h2>Graduate Meetings Bamberg, July 2015<\/h2>\n<p><img loading=\"lazy\" decoding=\"async\" class=\"alignnone wp-image-280\" src=\"http:\/\/ehg.ernst-herzfeld-gesellschaft.com\/wp-content\/uploads\/2018\/01\/EHG-2015-Bamberg-Foto-I_Sturkenboom-07_2015.jpg\" alt=\"\" width=\"500\" height=\"323\" srcset=\"https:\/\/ernst-herzfeld-gesellschaft.com\/wp-content\/uploads\/2018\/01\/EHG-2015-Bamberg-Foto-I_Sturkenboom-07_2015.jpg 591w, https:\/\/ernst-herzfeld-gesellschaft.com\/wp-content\/uploads\/2018\/01\/EHG-2015-Bamberg-Foto-I_Sturkenboom-07_2015-300x194.jpg 300w\" sizes=\"(max-width: 500px) 100vw, 500px\" \/><\/p>\n<p>Unser viertes Treffen und gleichzeitig dritter offizieller Nachwuchsworkshop f\u00fcr Masterstudierende und Doktoranden fand am 2.7.2015 an der Otto-Friedrich-Universit\u00e4t Bamberg statt und besch\u00e4ftigte sich mit m\u00f6glichen Arbeitsfeldern, wozu wir eine Vielzahl unterschiedlicher &#8220;Experten&#8221; geladen hatten. Es entstanden wieder informationsreiche Diskussionen und eine Vorstellung von Arbeitstiteln mittels einer gro\u00dfen Poster-Pr\u00e4sentation.<\/p>\n<h2>Graduate Meetings Hamburg, July 2014<\/h2>\n<figure class=\"image_container float_above\"><\/figure>\n<p><img loading=\"lazy\" decoding=\"async\" class=\"alignnone wp-image-281\" src=\"http:\/\/ehg.ernst-herzfeld-gesellschaft.com\/wp-content\/uploads\/2018\/01\/Hamburg.jpg\" alt=\"\" width=\"500\" height=\"280\" srcset=\"https:\/\/ernst-herzfeld-gesellschaft.com\/wp-content\/uploads\/2018\/01\/Hamburg.jpg 630w, https:\/\/ernst-herzfeld-gesellschaft.com\/wp-content\/uploads\/2018\/01\/Hamburg-300x168.jpg 300w\" sizes=\"(max-width: 500px) 100vw, 500px\" \/><\/p>\n<p>Das Treffen der Masterstudierenden und Promovierenden in Hamburg wurde organisiert von Gabriele von Stritzky, Simon Gundelfinger und Mattias Naue. Wir danken f\u00fcr diese Initiave und gratulieren zu einer \u00e4u\u00dferst erfolgreichen Veranstaltung. Das <a href=\"http:\/\/www.aai.uni-hamburg.de\/voror\/herzfeld-kolloqium\/Programm.html\">Programm<\/a> bot Einblicke in laufende Forschungsprojekte und am Ende des Tages fanden wir noch einmal alle in einer Diskussion zu den unterschiedlichen Bed\u00fcrfnisse der Jungwissenschaftler und unsere Anbindung an der Ernst Herzfeld-Gesellschaft zusammen. Es wurde beschlossen, die Graduiertentreffen j\u00e4hrlich am Donnerstag vor der Tagung der Gesellschaft abzuhalten.<\/p>\n<h2>Zusammentreffen von Masterstudierenden und Promovierenden Toledo, Juli 2013<\/h2>\n<figure class=\"image_container float_above\"><\/figure>\n<p><img loading=\"lazy\" decoding=\"async\" class=\"alignnone wp-image-283\" src=\"http:\/\/ehg.ernst-herzfeld-gesellschaft.com\/wp-content\/uploads\/2018\/01\/Treffen-Toledo-300x144.jpg\" alt=\"\" width=\"500\" height=\"241\" srcset=\"https:\/\/ernst-herzfeld-gesellschaft.com\/wp-content\/uploads\/2018\/01\/Treffen-Toledo-300x144.jpg 300w, https:\/\/ernst-herzfeld-gesellschaft.com\/wp-content\/uploads\/2018\/01\/Treffen-Toledo-768x370.jpg 768w, https:\/\/ernst-herzfeld-gesellschaft.com\/wp-content\/uploads\/2018\/01\/Treffen-Toledo.jpg 916w\" sizes=\"(max-width: 500px) 100vw, 500px\" \/><\/p>\n<p>Am 4. Juli 2013, kurz vor dem Beginn des 9. Kolloquiums der Ernst Herzfeld Gesellschaft, trafen Masterstudierende und Promovierende aus Spanien und dem deutschsprachigen Raum sich in Toledo. Neben einer Vorstellungsrunde pr\u00e4sentierten drei Master- und Promotionsstudierende der Madrider Universidad Aut\u00f3noma die selbst gegr\u00fcndete Zeitschrift <a href=\"http:\/\/www.revistahistoriaautonoma.es\/www.revistahistoriaautonoma.es\/Home.html\"><em>Revista Historia Aut\u00f3noma<\/em><\/a>, die sich sowohl auf junge als auch auf etablierte Wissenschaftler ausrichtet und sich u. a. sehr anbietet f\u00fcr die Publikation von Masterarbeiten. Die neu gekn\u00fcpften Verbindungen zwischen den Studierenden aus Deutschland und Spanien f\u00fchrten w\u00e4hrend des Kolloquiums zu zahlreichen gemeinsamen Unternehmungen.<\/p>\n<h2>Graduate Meetings Bamberg, April 2013<\/h2>\n<figure class=\"image_container float_above\"><\/figure>\n<p><img loading=\"lazy\" decoding=\"async\" class=\"alignnone wp-image-284\" src=\"http:\/\/ehg.ernst-herzfeld-gesellschaft.com\/wp-content\/uploads\/2018\/01\/Universitaetsmuseum-Islamische-Kunst-300x240.jpg\" alt=\"\" width=\"500\" height=\"400\" srcset=\"https:\/\/ernst-herzfeld-gesellschaft.com\/wp-content\/uploads\/2018\/01\/Universitaetsmuseum-Islamische-Kunst-300x240.jpg 300w, https:\/\/ernst-herzfeld-gesellschaft.com\/wp-content\/uploads\/2018\/01\/Universitaetsmuseum-Islamische-Kunst.jpg 500w\" sizes=\"(max-width: 500px) 100vw, 500px\" \/><\/p>\n<p>Unser erster offizieller Nachwuchsworkshop f\u00fcr Masterstudierende und Doktoranden am 26.\/27.4. 2013 an der Otto-Friedrich-Universit\u00e4t Bamberg war ein gro\u00dfer Erfolg. Neben einem sehr engagiert vorgetragenen Programm und dem reibungslosen Ablauf wurden von den TeilnehmerInnen besonders die Diskussionsgruppen als \u00e4u\u00dferst konstruktiv und bereichernd gewertet. Die Teilnehmer waren sich am Ende des Treffens einig, dass dieser intensive Austausch wiederholt werden sollte.<\/p>\n","protected":false},"excerpt":{"rendered":"<p>The furthering of students, graduates, and junior researchers is a main aim of the Society as noted in the statutes. The Society wants to offer to them a fore for presenting on-going projects in History of Islamic Art, such as research for master and doctoral theses. Since 2013 students and graduates meetings are held annually, &hellip; <a href=\"https:\/\/ernst-herzfeld-gesellschaft.com\/en\/nachwuchstreffen\/\" class=\"more-link\">Continue reading <span class=\"screen-reader-text\">Student and graduate meetings<\/span><\/a><\/p>\n","protected":false},"author":1,"featured_media":302,"parent":0,"menu_order":0,"comment_status":"closed","ping_status":"closed","template":"","meta":{"footnotes":""},"translation":{"provider":"WPGlobus","version":"3.0.0","language":"en","enabled_languages":["de","en"],"languages":{"de":{"title":true,"content":true,"excerpt":false},"en":{"title":true,"content":true,"excerpt":false}}},"_links":{"self":[{"href":"https:\/\/ernst-herzfeld-gesellschaft.com\/en\/wp-json\/wp\/v2\/pages\/20"}],"collection":[{"href":"https:\/\/ernst-herzfeld-gesellschaft.com\/en\/wp-json\/wp\/v2\/pages"}],"about":[{"href":"https:\/\/ernst-herzfeld-gesellschaft.com\/en\/wp-json\/wp\/v2\/types\/page"}],"author":[{"embeddable":true,"href":"https:\/\/ernst-herzfeld-gesellschaft.com\/en\/wp-json\/wp\/v2\/users\/1"}],"replies":[{"embeddable":true,"href":"https:\/\/ernst-herzfeld-gesellschaft.com\/en\/wp-json\/wp\/v2\/comments?post=20"}],"version-history":[{"count":64,"href":"https:\/\/ernst-herzfeld-gesellschaft.com\/en\/wp-json\/wp\/v2\/pages\/20\/revisions"}],"predecessor-version":[{"id":3273,"href":"https:\/\/ernst-herzfeld-gesellschaft.com\/en\/wp-json\/wp\/v2\/pages\/20\/revisions\/3273"}],"wp:featuredmedia":[{"embeddable":true,"href":"https:\/\/ernst-herzfeld-gesellschaft.com\/en\/wp-json\/wp\/v2\/media\/302"}],"wp:attachment":[{"href":"https:\/\/ernst-herzfeld-gesellschaft.com\/en\/wp-json\/wp\/v2\/media?parent=20"}],"curies":[{"name":"wp","href":"https:\/\/api.w.org\/{rel}","templated":true}]}}