{"id":26,"date":"2023-04-04T16:01:15","date_gmt":"2023-04-04T14:01:15","guid":{"rendered":"http:\/\/ehg.ernst-herzfeld-gesellschaft.com\/?page_id=26"},"modified":"2023-04-04T16:01:16","modified_gmt":"2023-04-04T14:01:16","slug":"beitraege-zur-islamischen-kunst-und-archaeologie","status":"publish","type":"page","link":"https:\/\/ernst-herzfeld-gesellschaft.com\/en\/beitraege-zur-islamischen-kunst-und-archaeologie\/","title":{"rendered":"<strong>Beitr\u00e4ge zur Islamischen Kunst und Arch\u00e4ologie (Contributions to Islamic Art and Archaeology)<\/strong>"},"content":{"rendered":"<p><span lang=\"EN-US\">Since 2008, the Ernst Herzfeld Society is publishing volumes of edited papers from the annual colloquia, on topics of art history, archaeology, and building research in Islamic countries in the series &#8220;Beitr\u00e4ge zur Islamischen Kunst und Arch\u00e4ologie&#8221; (Contributions to Islamic Art and Archaeology). The articles in the volumes have been selected and edited and have undergone a peer review process. The Society is the publisher of the series, while each volumes is edited by varying editors. The series is published by the Reichert Verlag in Wiesbaden, Germany. For information and purchase see here. Society members can purchase hard copies with a discount directly from the Society. Since some years the volumes are published also as e-book. Society members can access the e-book version, including retro volumes, free of charge. <\/span><\/p>\n<h2>Beitr\u00e4ge zur Islamischen Kunst und Arch\u00e4ologie 8<\/h2>\n<p><img loading=\"lazy\" decoding=\"async\" class=\"alignnone size-medium wp-image-2730\" src=\"http:\/\/ernst-herzfeld-gesellschaft.com\/wp-content\/uploads\/2023\/04\/bika8-213x300.jpg\" alt=\"BIKA 8\" width=\"213\" height=\"300\" srcset=\"https:\/\/ernst-herzfeld-gesellschaft.com\/wp-content\/uploads\/2023\/04\/bika8-213x300.jpg 213w, https:\/\/ernst-herzfeld-gesellschaft.com\/wp-content\/uploads\/2023\/04\/bika8-725x1024.jpg 725w, https:\/\/ernst-herzfeld-gesellschaft.com\/wp-content\/uploads\/2023\/04\/bika8-768x1084.jpg 768w, https:\/\/ernst-herzfeld-gesellschaft.com\/wp-content\/uploads\/2023\/04\/bika8.jpg 850w\" sizes=\"(max-width: 213px) 100vw, 213px\" \/><\/p>\n<p>Series edited by the Ernst Herzfeld Society<br \/>\nThis volume edited by: Markus Ritter and Nourane Ben Azzouna with Sabiha G\u00f6lo\u011flu<br \/>\n17,0 x 24,0 cm, hard-bound<br \/>\nReichert Verlag, Wiesbaden 2022<\/p>\n<p><a href=\"https:\/\/reichert-verlag.de\/media\/pdf\/9783752006841_toc.pdf\" target=\"_blank\" rel=\"noopener\">Table of Contents<\/a><br \/>\n<a href=\"https:\/\/reichert-verlag.de\/zeitschriften\/bika_zeitschrift\/9783752006841_beitraege_zur_islamischen_kunst_und_archaeologie-detail\" target=\"_blank\" rel=\"noopener\">Information and order from publisher<\/a><\/p>\n<h2>Beitr\u00e4ge zur Islamischen Kunst und Arch\u00e4ologie 7<\/h2>\n<p><img loading=\"lazy\" decoding=\"async\" class=\"details-image alignnone\" draggable=\"false\" src=\"http:\/\/ernst-herzfeld-gesellschaft.com\/wp-content\/uploads\/2021\/05\/Beitraege-7_96337292.jpg\" alt=\"\" width=\"213\" height=\"301\"><\/p>\n<p>Series edited by the Ernst Herzfeld Society<br \/>\nThis volume edited by: Martina M\u00fcller-Wiener and Anne Mollenhauer<br \/>\n17,0 x 24,0 cm, hard-bound<br \/>\nReichert Verlag, Wiesbaden 2021<\/p>\n<p><a href=\"https:\/\/reichert-verlag.de\/media\/pdf\/9783954905041_toc.pdf\">Table of Contents<\/a><br \/>\n<a href=\"https:\/\/reichert-verlag.de\/zeitschriften\/bika_zeitschrift\/9783954905041_beitraege_zur_islamischen_kunst_und_archaeologie-detail\">Information and order from publisher<\/a><\/p>\n<h2>Beitr\u00e4ge zur Islamischen Kunst und Arch\u00e4ologie 6<\/h2>\n<p><img loading=\"lazy\" decoding=\"async\" class=\"alignnone wp-image-2153 size-medium\" src=\"http:\/\/ernst-herzfeld-gesellschaft.com\/wp-content\/uploads\/2020\/06\/BIKA_6_Cover-356x800-5-212x300.jpg\" alt=\"\" width=\"212\" height=\"300\" srcset=\"https:\/\/ernst-herzfeld-gesellschaft.com\/wp-content\/uploads\/2020\/06\/BIKA_6_Cover-356x800-5-212x300.jpg 212w, https:\/\/ernst-herzfeld-gesellschaft.com\/wp-content\/uploads\/2020\/06\/BIKA_6_Cover-356x800-5.jpg 564w\" sizes=\"(max-width: 212px) 100vw, 212px\" \/><\/p>\n<p>Series edited by the Ernst Herzfeld Society<br \/>\nThis volume edited by: Lorenz Korn and \u00c7i\u011fdem \u0130vren<br \/>\n17,0 x 24,0 cm, hard-bound<br \/>\nReichert Verlag, Wiesbaden 2020<\/p>\n<p><a href=\"http:\/\/ernst-herzfeld-gesellschaft.com\/wp-content\/uploads\/2020\/06\/BIKA_6_Titel-u-Inhalt-1.pdf\">Table of Contents<\/a><br \/>\n<a href=\"https:\/\/reichert-verlag.de\/buchreihen\/archaeologie_reihen\/archaeologie_beitraege_zur_islamischen_kunst_und_archaeologie\/9783954904488_beitraege_zur_islamischen_kunst_und_archaeologie-detail\">Information and order from publisher<\/a><\/p>\n<h2>Beitr\u00e4ge zur Islamischen Kunst und Arch\u00e4ologie 5<\/h2>\n<p><img loading=\"lazy\" decoding=\"async\" class=\"alignnone wp-image-881 size-medium\" src=\"https:\/\/ernst-herzfeld-gesellschaft.com\/wp-content\/uploads\/2018\/07\/BIKA-5-211x300.jpg\" alt=\"\" width=\"211\" height=\"300\" srcset=\"https:\/\/ernst-herzfeld-gesellschaft.com\/wp-content\/uploads\/2018\/07\/BIKA-5-211x300.jpg 211w, https:\/\/ernst-herzfeld-gesellschaft.com\/wp-content\/uploads\/2018\/07\/BIKA-5-239x340.jpg 239w, https:\/\/ernst-herzfeld-gesellschaft.com\/wp-content\/uploads\/2018\/07\/BIKA-5.jpg 563w\" sizes=\"(max-width: 211px) 100vw, 211px\" \/><\/p>\n<p>Series edited by the Ernst Herzfeld Society<br \/>\nThis volume edited by: Markus Ritter and Ilse Sturkenboom<br \/>\n17,0 x 24,0 cm, 211 S., hard-bound<br \/>\nReichert Verlag, Wiesbaden 2017<\/p>\n<p><a href=\"https:\/\/reichert-verlag.de\/media\/pdf\/9783954902385_toc.pdf\" target=\"_blank\" rel=\"noopener noreferrer\">Table of Contents<\/a><br \/>\n<a href=\"https:\/\/reichert-verlag.de\/buchreihen\/kunstgeschichte_reihen\/kunstgeschichte_beitraege_zur_islamischen_kunst_und_archaeologie\/9783954902385_beitraege_zur_islamischen_kunst_und_archaeologie-detail\">Information and order from publisher<\/a><\/p>\n<h2>Beitr\u00e4ge zur Islamischen Kunst und Arch\u00e4ologie 4<\/h2>\n<p><img loading=\"lazy\" decoding=\"async\" class=\"alignnone wp-image-879 size-medium\" src=\"https:\/\/ernst-herzfeld-gesellschaft.com\/wp-content\/uploads\/2018\/07\/97838950096311-213x300.jpg\" alt=\"\" width=\"213\" height=\"300\" srcset=\"https:\/\/ernst-herzfeld-gesellschaft.com\/wp-content\/uploads\/2018\/07\/97838950096311-213x300.jpg 213w, https:\/\/ernst-herzfeld-gesellschaft.com\/wp-content\/uploads\/2018\/07\/97838950096311-241x340.jpg 241w, https:\/\/ernst-herzfeld-gesellschaft.com\/wp-content\/uploads\/2018\/07\/97838950096311.jpg 567w\" sizes=\"(max-width: 213px) 100vw, 213px\" \/><\/p>\n<p>Series edited by the Ernst Herzfeld Society<br \/>\nThis volume edited by: Julia Gonnella unter Mitarbeit von Rania Abdellatif und Simone Struth<br \/>\n17,0 x 24,0 cm, 352 S., hard-bound<br \/>\nReichert Verlag, Wiesbaden 2014<\/p>\n<p><a href=\"https:\/\/ernst-herzfeld-gesellschaft.com\/wp-content\/uploads\/2018\/07\/BIKA_4_Inhalt.pdf\">Table of Contents<\/a><br \/>\n<a href=\"https:\/\/reichert-verlag.de\/buchreihen\/kunstgeschichte_reihen\/kunstgeschichte_beitraege_zur_islamischen_kunst_und_archaeologie\/9783895009631_beitraege_zur_islamischen_kunst_und_archaeologie-detail\">Information and order from publisher<\/a><\/p>\n<h2>Beitr\u00e4ge zur Islamischen Kunst und Arch\u00e4ologie 3<\/h2>\n<p><img loading=\"lazy\" decoding=\"async\" class=\"alignnone wp-image-886 size-medium\" src=\"https:\/\/ernst-herzfeld-gesellschaft.com\/wp-content\/uploads\/2018\/07\/51V1Frr2fTL__SL500_AA300_1-216x300.jpg\" alt=\"\" width=\"216\" height=\"300\"><\/p>\n<figure class=\"image_container float_above\"><\/figure>\n<p>Series edited by the Ernst Herzfeld Society<br \/>\nThis volume edited by: Lorenz Korn und Anja Heidenreich; unter Mitarbeit von Barbara Finster, Barbara Henning, Robert Hillenbrand, Miriam K\u00fchn, Markus Ritter und Robert Schick<br \/>\n17,0 x 24,0 cm, 414 S., hard-bound<br \/>\nReichert Verlag, Wiesbaden 2012<\/p>\n<p><a href=\"https:\/\/ernst-herzfeld-gesellschaft.com\/wp-content\/uploads\/2018\/07\/BIKA_3_Inhalt.pdf\">Table of Contents<\/a><br \/>\n<a href=\"https:\/\/reichert-verlag.de\/buchreihen\/kunstgeschichte_reihen\/kunstgeschichte_beitraege_zur_islamischen_kunst_und_archaeologie\/9783895008351_beitraege_zur_islamischen_kunst_und_archaeologie-detail\">Information and order from publisher<\/a><\/p>\n<h2>Beitr\u00e4ge zur Islamischen Kunst und Arch\u00e4ologie 2<\/h2>\n<p><img loading=\"lazy\" decoding=\"async\" class=\"alignnone wp-image-883 size-full\" src=\"https:\/\/ernst-herzfeld-gesellschaft.com\/wp-content\/uploads\/2018\/07\/umschlag-BIKA2.jpg\" alt=\"\" width=\"200\" height=\"282\"><\/p>\n<figure class=\"image_container float_above\"><\/figure>\n<p>Series edited by the Ernst Herzfeld Society<br \/>\nThis volume edited by: Markus Ritter und Lorenz Korn<br \/>\n17,0 x 24,0 cm, 246 S., hard-bound<br \/>\nReichert Verlag, Wiesbaden 2010<\/p>\n<p><a href=\"http:\/\/www.sehepunkte.de\/2010\/11\/18635.html\">Rezension<\/a> von Jens Kr\u00f6ger, Berlin<br \/>\n<a href=\"https:\/\/ernst-herzfeld-gesellschaft.com\/wp-content\/uploads\/2018\/07\/BIKA_2_Inhalt.pdf\">Table of Contents<\/a><br \/>\n<a href=\"https:\/\/reichert-verlag.de\/buchreihen\/kunstgeschichte_reihen\/kunstgeschichte_beitraege_zur_islamischen_kunst_und_archaeologie\/9783895007668_beitraege_zur_islamischen_kunst_und_archaeologie-detail\">Information and order from publisher<\/a><\/p>\n<h2>Beitr\u00e4ge zur Islamischen Kunst und Arch\u00e4ologie 1<\/h2>\n<p><img loading=\"lazy\" decoding=\"async\" class=\"alignnone wp-image-882 size-full\" src=\"https:\/\/ernst-herzfeld-gesellschaft.com\/wp-content\/uploads\/2018\/07\/Umschlag-BIKA1.jpg\" alt=\"\" width=\"200\" height=\"282\"><\/p>\n<figure class=\"image_container float_above\"><\/figure>\n<p>Series edited by the Ernst Herzfeld Society<br \/>\nThis volume edited by: Herta Hafenrichter, Anja Heidenreich, Daniel Redlinger<br \/>\n17,0 x 24,0 cm, 214 S., Broschur<br \/>\nReichert Verlag, Wiesbaden 2008<\/p>\n<p><a href=\"https:\/\/reichert-verlag.de\/zeitschriften\/bika_zeitschrift\/9783895006487_beitraege_zur_islamischen_kunst_und_archaeologie-detail\">Rezension<\/a> von Alberto Saviello, Berlin<br \/>\n<a href=\"https:\/\/ernst-herzfeld-gesellschaft.com\/wp-content\/uploads\/2018\/07\/BIKA_1_Inhalt.pdf\">Table of Contents<\/a><br \/>\n<a href=\"https:\/\/reichert-verlag.de\/buchreihen\/kunstgeschichte_reihen\/kunstgeschichte_beitraege_zur_islamischen_kunst_und_archaeologie\/9783895006487_beitraege_zur_islamischen_kunst_und_archaeologie-detail\">Information and order from publisher<\/a><\/p>\n","protected":false},"excerpt":{"rendered":"<p>Since 2008, the Ernst Herzfeld Society is publishing volumes of edited papers from the annual colloquia, on topics of art history, archaeology, and building research in Islamic countries in the series &#8220;Beitr\u00e4ge zur Islamischen Kunst und Arch\u00e4ologie&#8221; (Contributions to Islamic Art and Archaeology). The articles in the volumes have been selected and edited and have &hellip; <a href=\"https:\/\/ernst-herzfeld-gesellschaft.com\/en\/beitraege-zur-islamischen-kunst-und-archaeologie\/\" class=\"more-link\">Continue reading <span class=\"screen-reader-text\"><strong>Beitr\u00e4ge zur Islamischen Kunst und Arch\u00e4ologie (Contributions to Islamic Art and Archaeology)<\/strong><\/span><\/a><\/p>\n","protected":false},"author":1,"featured_media":54,"parent":0,"menu_order":0,"comment_status":"closed","ping_status":"closed","template":"","meta":{"footnotes":""},"translation":{"provider":"WPGlobus","version":"3.0.0","language":"en","enabled_languages":["de","en"],"languages":{"de":{"title":true,"content":true,"excerpt":false},"en":{"title":true,"content":true,"excerpt":false}}},"_links":{"self":[{"href":"https:\/\/ernst-herzfeld-gesellschaft.com\/en\/wp-json\/wp\/v2\/pages\/26"}],"collection":[{"href":"https:\/\/ernst-herzfeld-gesellschaft.com\/en\/wp-json\/wp\/v2\/pages"}],"about":[{"href":"https:\/\/ernst-herzfeld-gesellschaft.com\/en\/wp-json\/wp\/v2\/types\/page"}],"author":[{"embeddable":true,"href":"https:\/\/ernst-herzfeld-gesellschaft.com\/en\/wp-json\/wp\/v2\/users\/1"}],"replies":[{"embeddable":true,"href":"https:\/\/ernst-herzfeld-gesellschaft.com\/en\/wp-json\/wp\/v2\/comments?post=26"}],"version-history":[{"count":82,"href":"https:\/\/ernst-herzfeld-gesellschaft.com\/en\/wp-json\/wp\/v2\/pages\/26\/revisions"}],"predecessor-version":[{"id":2736,"href":"https:\/\/ernst-herzfeld-gesellschaft.com\/en\/wp-json\/wp\/v2\/pages\/26\/revisions\/2736"}],"wp:featuredmedia":[{"embeddable":true,"href":"https:\/\/ernst-herzfeld-gesellschaft.com\/en\/wp-json\/wp\/v2\/media\/54"}],"wp:attachment":[{"href":"https:\/\/ernst-herzfeld-gesellschaft.com\/en\/wp-json\/wp\/v2\/media?parent=26"}],"curies":[{"name":"wp","href":"https:\/\/api.w.org\/{rel}","templated":true}]}}