{"id":2680,"date":"2023-03-27T16:11:50","date_gmt":"2023-03-27T14:11:50","guid":{"rendered":"https:\/\/ernst-herzfeld-gesellschaft.com\/?page_id=2680"},"modified":"2025-11-20T08:57:26","modified_gmt":"2025-11-20T07:57:26","slug":"ernst-herzfeld-award","status":"publish","type":"page","link":"https:\/\/ernst-herzfeld-gesellschaft.com\/en\/ernst-herzfeld-award\/","title":{"rendered":"Ernst Herzfeld Award"},"content":{"rendered":"\n<p><strong>Ernst Herzfeld Award for Master Theses in Islamic Art History and Archaeology<\/strong><\/p>\n\n\n\n<p>The Ernst Herzfeld Society for Studies in Islamic Art and Archaeology has established the Ernst Herzfeld Award for Master Theses in Islamic Art History and Archaeology in 2019. The aim of the annual award is to encourage and support emerging scholars in Europe who are working on visual and material culture of Islamic countries in the fields of Art History, Archeology, and Historical Building Research. The Ernst Herzfeld Award highlights the diversity and innovation of current research in these growing fields. The successful candidate is honored at the annual colloquium of the Ernst Herzfeld Society (first weekend of July), offered a full travel grant to present her\/his master thesis at the colloquium, and is granted publication of the presented paper in the series of the Society, <em>Beitr\u00e4ge zur Islamischen Kunst und Arch\u00e4ologie<\/em> (BIKA).<\/p>\n\n\n\n<p>Chairs of the Ernst Herzfeld Award committee, currently: Prof. Dr. Mattia Guidetti and Dr. Safa Mahmoudian.<\/p>\n\n\n\n<p>Contact: <a href=\"mailto:award@ernst-herzfeld-gesellschaft.com\">award@ernst-herzfeld-gesellschaft.com<\/a><\/p>\n\n\n\n<p class=\"has-text-align-center\" style=\"font-size:24px\"><a href=\"https:\/\/ernst-herzfeld-gesellschaft.com\/wp-content\/uploads\/2025\/11\/Call-award-2025_deadline-extended.docx\" data-type=\"attachment\" data-id=\"3288\">NEW DEADLINE extended to 15 December 2025<\/a><\/p>\n\n\n\n<p><strong>Laureates of the Ernst Herzfeld Award<\/strong><\/p>\n\n\n\n<p>2024\/25: Pierre Benoit (Sorbonne Universit\u00e9 &#8211; Paris), <em>Arch\u00e9ologie du peuplement en Anatolie occidentale \u00e0 l\u2019\u00e9poque m\u00e9di\u00e9vale et ottomane, recherches pr\u00e9liminaires<\/em><\/p>\n\n\n\n<p>2023\/24: Edward Shawe-Taylor (University of Oxford), <em>The Kit\u0101b al-\u1e24ayaw\u0101n in the Ambrosiana Library: Traces of a Lost Mamluk Atelier<\/em><\/p>\n\n\n\n<p>2022\/23: Archie Williams (University of Oxford), <em>The Coins of the Salcombe Cannon Hoard and the Rise and Fall of the Saadian Dynasty<\/em><\/p>\n\n\n\n<p>2021\/22: Clementine Kane (University of Oxford), <em>In Between Cultures: Uncovering the Book of Pearls and Knowledge of the Essences and Forms<\/em>.<\/p>\n\n\n\n<p>2020\/21: Franziska Schneider (Freie Universit\u00e4t Berlin), <em>Rediscovering the Local Heritage \u2013 Zeyneb Sultan Mosque and the Chalkoprateia Church in Constantinople<\/em><\/p>\n","protected":false},"excerpt":{"rendered":"<p>Ernst Herzfeld Award for Master Theses in Islamic Art History and Archaeology The Ernst Herzfeld Society for Studies in Islamic Art and Archaeology has established the Ernst Herzfeld Award for Master Theses in Islamic Art History and Archaeology in 2019. The aim of the annual award is to encourage and support emerging scholars in Europe &hellip; <a href=\"https:\/\/ernst-herzfeld-gesellschaft.com\/en\/ernst-herzfeld-award\/\" class=\"more-link\">Continue reading <span class=\"screen-reader-text\">Ernst Herzfeld Award<\/span><\/a><\/p>\n","protected":false},"author":1,"featured_media":58,"parent":0,"menu_order":0,"comment_status":"closed","ping_status":"closed","template":"","meta":{"footnotes":""},"translation":{"provider":"WPGlobus","version":"3.0.0","language":"en","enabled_languages":["de","en"],"languages":{"de":{"title":true,"content":true,"excerpt":false},"en":{"title":true,"content":true,"excerpt":false}}},"_links":{"self":[{"href":"https:\/\/ernst-herzfeld-gesellschaft.com\/en\/wp-json\/wp\/v2\/pages\/2680"}],"collection":[{"href":"https:\/\/ernst-herzfeld-gesellschaft.com\/en\/wp-json\/wp\/v2\/pages"}],"about":[{"href":"https:\/\/ernst-herzfeld-gesellschaft.com\/en\/wp-json\/wp\/v2\/types\/page"}],"author":[{"embeddable":true,"href":"https:\/\/ernst-herzfeld-gesellschaft.com\/en\/wp-json\/wp\/v2\/users\/1"}],"replies":[{"embeddable":true,"href":"https:\/\/ernst-herzfeld-gesellschaft.com\/en\/wp-json\/wp\/v2\/comments?post=2680"}],"version-history":[{"count":38,"href":"https:\/\/ernst-herzfeld-gesellschaft.com\/en\/wp-json\/wp\/v2\/pages\/2680\/revisions"}],"predecessor-version":[{"id":3294,"href":"https:\/\/ernst-herzfeld-gesellschaft.com\/en\/wp-json\/wp\/v2\/pages\/2680\/revisions\/3294"}],"wp:featuredmedia":[{"embeddable":true,"href":"https:\/\/ernst-herzfeld-gesellschaft.com\/en\/wp-json\/wp\/v2\/media\/58"}],"wp:attachment":[{"href":"https:\/\/ernst-herzfeld-gesellschaft.com\/en\/wp-json\/wp\/v2\/media?parent=2680"}],"curies":[{"name":"wp","href":"https:\/\/api.w.org\/{rel}","templated":true}]}}