{"id":630,"date":"2025-06-23T16:32:17","date_gmt":"2025-06-23T14:32:17","guid":{"rendered":"http:\/\/ehg.ernst-herzfeld-gesellschaft.com\/?page_id=630"},"modified":"2025-10-09T10:57:27","modified_gmt":"2025-10-09T08:57:27","slug":"uebersicht-der-kolloquien","status":"publish","type":"page","link":"https:\/\/ernst-herzfeld-gesellschaft.com\/en\/uebersicht-der-kolloquien\/","title":{"rendered":"List of colloquia"},"content":{"rendered":"<p><strong>2026 Frankfurt am Main<\/strong><br \/>\nThe production of material culture in the Islamic world:<br \/>\ncenters, craftsmen and techniques<br \/>\n<strong>21st Colloquium of the Ernst Herzfeld-Gesellschaft<\/strong><br \/>\n<a href=\"http:\/\/ernst-herzfeld-gesellschaft.com\/wp-content\/uploads\/2025\/10\/EHG2026.Frankfurt_CfP_final.pdf\">Call for Papers<\/a><br \/>\nDeadline: 25 Nov 2025<\/p>\n<p><strong>2025 Cairo<\/strong><br \/>\nHistoricisms in Islamic Art:<br \/>\nNarratives, Materials and Perspectives<br \/>\n<strong>20th Colloquium of the Ernst Herzfeld Society<\/strong><br \/>\n<strong>for Studies in Islamic Art and Archaeology<\/strong><br \/>\n<a href=\"http:\/\/ernst-herzfeld-gesellschaft.com\/wp-content\/uploads\/2025\/06\/EHG-Coll-Programme.pdf\">Program<\/a><br \/>\n<a href=\"http:\/\/ernst-herzfeld-gesellschaft.com\/wp-content\/uploads\/2025\/06\/EHG-Coll-Poster.jpeg\">Poster<\/a><\/p>\n<p><strong>2024 Romont<\/strong><br \/>\nVitrocentre Romont, July 4\u20137<strong><br \/>\nGlass in the Islamic World<br \/>\n19th Colloquium of the Ernst Herzfeld-Gesellschaft<\/strong><br \/>\n<a href=\"https:\/\/ernst-herzfeld-gesellschaft.com\/wp-content\/uploads\/2024\/07\/EHG_Glass_IslamicWorld_Web.pdf\">Program<\/a><\/p>\n<p><strong>2023 Munich<\/strong><br \/>\nMuseum F\u00fcnf Kontinente, July 6 <span lang=\"EN-US\">\u2013<\/span> 8<br \/>\norganised by Ilse Sturkenboom<br \/>\n<strong>18th Colloquium of the Ernst Herzfeld-Gesellschaft<\/strong><br \/>\n<a href=\"https:\/\/ernst-herzfeld-gesellschaft.com\/wp-content\/uploads\/2023\/02\/2023-EHG-Munich-CfP.pdf\">Program<\/a><\/p>\n<p class=\"x_MsoNormal\"><b>2022 C\u00f3rdoba<br \/>\n<\/b><span lang=\"EN-US\">Casa \u00c1rabe, June 30 \u2013 July 3<br \/>\n<\/span><span lang=\"EN-US\">organized by Fernando Vald\u00e9s Fern\u00e1ndez<br \/>\n<\/span><b>The Mosque in Transformation<br \/>\n<\/b><a href=\"http:\/\/ernst-herzfeld-gesellschaft.com\/wp-content\/uploads\/2022\/06\/2022-EHG-Cordoba-Programa-final_2.pdf\">Program<\/a><\/p>\n<p><strong>2021 (2020 rescheduled) Rome<\/strong><br \/>\nUniversity La Sapienza 1\u20133 July<br \/>\norganized by Michelina Di Cesare<br \/>\n<strong>The Arts and Archaeology of Funerary Cultures in Islam<\/strong><br \/>\n<a href=\"http:\/\/ernst-herzfeld-gesellschaft.com\/wp-content\/uploads\/2021\/06\/EHG16-Rome-Program_red.pdf\">Program<\/a><\/p>\n<p><strong>2019 Budapest<\/strong><br \/>\nE\u00f6tv\u00f6s Lor\u00e1nd University and Avicenna Institute, July 4\u20136<br \/>\norganized by Iv\u00e1n Sz\u00e1nt\u00f3<br \/>\n<strong>Spaces and Frontiers of Islamic Art and Archaeology<\/strong><br \/>\n<a href=\"http:\/\/ernst-herzfeld-gesellschaft.com\/wp-content\/uploads\/2019\/07\/2019_Budapest-CFP.pdf\">Call for papers<\/a><br \/>\n<a href=\"http:\/\/ernst-herzfeld-gesellschaft.com\/wp-content\/uploads\/2019\/07\/EHG_15_Budapest_Programme_2.pdf\">Programme<\/a><br \/>\n<a href=\"https:\/\/ernst-herzfeld-gesellschaft.com\/en\/uebersicht-der-kolloquien\/https-ernst-herzfeld-gesellschaft-com-page-id1585\/\">Picture gallery<\/a><\/p>\n<p><strong>2018 Strasbourg<br \/>\n<\/strong>University of Strasbourg, Institute of Art History, July 5\u20137<br \/>\norganized by Nourane Ben Azzouna<strong><br \/>\n<\/strong><strong>The History of Material Cultures and Visual Arts in Islamic Lands: Current State of Research and New Perspectives<br \/>\n<\/strong><a href=\"http:\/\/ernst-herzfeld-gesellschaft.com\/wp-content\/uploads\/2018\/06\/EHG-14-Koll-CFP-11.01.2018_En_De.pdf\" target=\"_blank\" rel=\"noopener noreferrer\">Call for papers<\/a><br \/>\n<a href=\"http:\/\/ernst-herzfeld-gesellschaft.com\/aktuelle-hinweise\/\" target=\"_blank\" rel=\"noopener noreferrer\">More information<\/a><br \/>\n<a href=\"http:\/\/ernst-herzfeld-gesellschaft.com\/wp-content\/uploads\/2018\/07\/EHG14-final-prog.pdf\" target=\"_blank\" rel=\"noopener noreferrer\">Programme<\/a><\/p>\n<p><strong>2017 Vienna<br \/>\n<\/strong>University of Vienna, Department of Art History,\u00a0 July 6\u20139<br \/>\norganized by Markus Ritter<br \/>\n<strong>Reassessing Nineteenth-Century Art in Islamic Countries<\/strong><br \/>\n<a href=\"http:\/\/ernst-herzfeld-gesellschaft.com\/wp-content\/uploads\/2018\/01\/EHG-Wien-Programm-06-20-17-B.pdf\" target=\"_blank\" rel=\"noopener noreferrer\">Programme<\/a><br \/>\n<a href=\"http:\/\/ernst-herzfeld-gesellschaft.com\/wp-content\/uploads\/2018\/01\/A4_Poster_Reassessing.pdf\" target=\"_blank\" rel=\"noopener noreferrer\">Poster<\/a><br \/>\n<a href=\"http:\/\/ernst-herzfeld-gesellschaft.com\/wp-content\/uploads\/2018\/01\/A4_Ahmet_Ersoy.pdf\" target=\"_blank\" rel=\"noopener noreferrer\">Poster Opening Lecture<\/a><br \/>\n<a href=\"https:\/\/ernst-herzfeld-gesellschaft.com\/en\/uebersicht-der-kolloquien\/bildergalerie-kolloquium-strassburg-2018\/?preview_id=1645&amp;preview_nonce=7d9640d477&amp;preview=true\">Picture gallery<\/a><br \/>\n<strong><br \/>\n2016 Berlin<\/strong><br \/>\nTechnical University, June 30 \u2013 July 3<br \/>\norganized by Martin Gussone<br \/>\n<a href=\"http:\/\/ernst-herzfeld-gesellschaft.com\/wp-content\/uploads\/2018\/07\/EHG-2016-programm_Berlin_final.pdf\" target=\"_blank\" rel=\"noopener noreferrer\">Programme<\/a><br \/>\n<a href=\"https:\/\/ernst-herzfeld-gesellschaft.com\/en\/uebersicht-der-kolloquien\/berlin\/\">Picture gallery<\/a><\/p>\n<p><strong>2015 Bamberg<\/strong><br \/>\nDepartment of Oriental Studies, University of Bamberg, July 3\u20134<br \/>\norganized by Lorenz Korn<br \/>\n<strong>Encompassing the Sacred in Islamic Art and Architecture<\/strong><br \/>\n<a href=\"http:\/\/ernst-herzfeld-gesellschaft.com\/wp-content\/uploads\/2018\/07\/EHG-2016-programm_Berlin_final-1.pdf\" target=\"_blank\" rel=\"noopener noreferrer\">Programme<\/a><br \/>\n<a href=\"https:\/\/ernst-herzfeld-gesellschaft.com\/en\/uebersicht-der-kolloquien\/bildergalerie-kolloquium-bamberg-2015\/\">Picture gallery<\/a><\/p>\n<p><strong>2014 Hamburg<\/strong><br \/>\nUniversity of Hamburg, July 3\u20136<br \/>\norganized by Stefan Heidemann<br \/>\n<a href=\"http:\/\/ernst-herzfeld-gesellschaft.com\/wp-content\/uploads\/2018\/07\/Programm_EHG_HAmburg-2014.pdf\" target=\"_blank\" rel=\"noopener noreferrer\">Programme<\/a><\/p>\n<p><strong>2013 Toledo<\/strong><br \/>\nReal Fundaci\u00f3n de Toledo, July 4\u20136<br \/>\norganized by Fernando Vald\u00e9s Fern\u00e1ndez<br \/>\n<a href=\"http:\/\/ernst-herzfeld-gesellschaft.com\/wp-content\/uploads\/2018\/07\/Akt._EHG_Programm_Toledo_2013.pdf\" target=\"_blank\" rel=\"noopener noreferrer\">Programme<\/a><br \/>\n<a href=\"http:\/\/ernst-herzfeld-gesellschaft.com\/wp-content\/uploads\/2018\/07\/Programm_EHG_Toledo-2013.pdf\" target=\"_blank\" rel=\"noopener noreferrer\">Poster<\/a><br \/>\n<a href=\"https:\/\/ernst-herzfeld-gesellschaft.com\/en\/uebersicht-der-kolloquien\/bildergalerie-kolloquium-toledo-2013\/\">Picture gallery<\/a><\/p>\n<p><strong>2012 Zurich<\/strong><br \/>\nInstitut of Fine Arts, University of Zurich, July 6\u20138<br \/>\norganized by Markus Ritter<br \/>\n<a href=\"http:\/\/ernst-herzfeld-gesellschaft.com\/wp-content\/uploads\/2018\/07\/Zuerich-EHG-2012-Programmfolder-2.pdf\" target=\"_blank\" rel=\"noopener noreferrer\">Programme<\/a><br \/>\n<a href=\"http:\/\/ernst-herzfeld-gesellschaft.com\/wp-content\/uploads\/2018\/07\/A4_2012_Zu\u0308rich-Plakat.pdf\" target=\"_blank\" rel=\"noopener noreferrer\">Poster<\/a><br \/>\n<a href=\"https:\/\/ernst-herzfeld-gesellschaft.com\/en\/uebersicht-der-kolloquien\/bildergalerie-kolloquium-zuerich-2014\/\">Picture Gallery<\/a><\/p>\n<p><strong>2011 Berlin<\/strong><br \/>\nMuseum of Islamic Art, June 30\u2013July 2<br \/>\norganized by Julia Gonnella<br \/>\n<strong>A Hundred Years of Excavations in Samarra<\/strong><strong><br \/>\n<\/strong><a href=\"http:\/\/ernst-herzfeld-gesellschaft.com\/wp-content\/uploads\/2018\/07\/EHG_2011_Berlin_Programm.pdf\" target=\"_blank\" rel=\"noopener noreferrer\">Programme<\/a><\/p>\n<p><strong>2010 Bonn<\/strong><br \/>\nUniversity of Bonn, Department of Asian and Islamic Art History, July 2\u20133<br \/>\norganized by Martina M\u00fcller-Wiener<br \/>\n<a href=\"http:\/\/ernst-herzfeld-gesellschaft.com\/wp-content\/uploads\/2018\/07\/EHG-2010_Bonn.pdf\" target=\"_blank\" rel=\"noopener noreferrer\">Programme<\/a><\/p>\n<p><strong>2009 Frankfurt am Main<br \/>\n<\/strong>Department of Archaeology, Goethe University, July 2\u20134<br \/>\norganized by Jan-Waalke Meyer<br \/>\n<strong>Das Ornament in der islamischen Kunst: Form und Interpretation<\/strong><br \/>\n<a href=\"http:\/\/ernst-herzfeld-gesellschaft.com\/wp-content\/uploads\/2018\/07\/EHG_2009_Frankfurt_Programm_Konferenz.pdf\" target=\"_blank\" rel=\"noopener noreferrer\">Programme<\/a><\/p>\n<p><strong>2008 Bamberg<br \/>\n<\/strong>Department of Oriental Studies, University of Bamberg, July 4\u20135<br \/>\norganized by Lorenz Korn<br \/>\n<a href=\"http:\/\/ernst-herzfeld-gesellschaft.com\/wp-content\/uploads\/2018\/07\/EHG-2008-Bamberg.pdf\" target=\"_blank\" rel=\"noopener noreferrer\">Programme<\/a><br \/>\n<a href=\"https:\/\/ernst-herzfeld-gesellschaft.com\/en\/uebersicht-der-kolloquien\/bildergalerie-kolloquium-bamberg-2008\/\">Picture gallery<\/a><\/p>\n<p><strong>2007 Wien<\/strong><br \/>\nAustrian Academy of Sciences, Institut of Iranian Studies, July 6\u20138<br \/>\norganized by Markus Ritter<br \/>\n<strong>Representations of Power in Islamic Art<br \/>\n<\/strong><a href=\"http:\/\/ernst-herzfeld-gesellschaft.com\/wp-content\/uploads\/2018\/07\/EHG_2007-Wien_programm.pdf\" target=\"_blank\" rel=\"noopener noreferrer\">Programme<\/a><a href=\"http:\/\/www.ernst-herzfeld-gesellschaft.com\/files\/Thema-EHG\/bilder\/kolloquien\/A4_2007-Wien_poster02%20c.pdf\"><br \/>\n<\/a><a href=\"http:\/\/ernst-herzfeld-gesellschaft.com\/wp-content\/uploads\/2018\/07\/EHG_2007-Wien_poster02-c.pdf\" target=\"_blank\" rel=\"noopener noreferrer\">Poster<\/a><\/p>\n<p><strong>2006 Bonn<\/strong><br \/>\nUniversity of Bonn, Department of Asian and Islamic Art History, July 7\u20138<br \/>\norganized by Martina M\u00fcller-Wiener<br \/>\n<a href=\"http:\/\/ernst-herzfeld-gesellschaft.com\/wp-content\/uploads\/2018\/07\/EHG-2006-Bonn.pdf\" target=\"_blank\" rel=\"noopener noreferrer\">Programme<\/a><\/p>\n<p><strong>2005 Bamberg<\/strong><br \/>\nDepartment of Oriental Studies, University of Bamberg, July 1\u20132<br \/>\norganized by Barbara Finster<br \/>\n<a href=\"http:\/\/ernst-herzfeld-gesellschaft.com\/wp-content\/uploads\/2018\/07\/EHG-2005-Bamberg.pdf\" target=\"_blank\" rel=\"noopener noreferrer\">Programme<\/a><\/p>\n","protected":false},"excerpt":{"rendered":"<p>2026 Frankfurt am Main The production of material culture in the Islamic world: centers, craftsmen and techniques 21st Colloquium of the Ernst Herzfeld-Gesellschaft Call for Papers Deadline: 25 Nov 2025 2025 Cairo Historicisms in Islamic Art: Narratives, Materials and Perspectives 20th Colloquium of the Ernst Herzfeld Society for Studies in Islamic Art and Archaeology Program &hellip; <a href=\"https:\/\/ernst-herzfeld-gesellschaft.com\/en\/uebersicht-der-kolloquien\/\" class=\"more-link\">Continue reading <span class=\"screen-reader-text\">List of colloquia<\/span><\/a><\/p>\n","protected":false},"author":1,"featured_media":45,"parent":0,"menu_order":0,"comment_status":"closed","ping_status":"closed","template":"","meta":{"footnotes":""},"translation":{"provider":"WPGlobus","version":"3.0.0","language":"en","enabled_languages":["de","en"],"languages":{"de":{"title":true,"content":true,"excerpt":false},"en":{"title":true,"content":true,"excerpt":false}}},"_links":{"self":[{"href":"https:\/\/ernst-herzfeld-gesellschaft.com\/en\/wp-json\/wp\/v2\/pages\/630"}],"collection":[{"href":"https:\/\/ernst-herzfeld-gesellschaft.com\/en\/wp-json\/wp\/v2\/pages"}],"about":[{"href":"https:\/\/ernst-herzfeld-gesellschaft.com\/en\/wp-json\/wp\/v2\/types\/page"}],"author":[{"embeddable":true,"href":"https:\/\/ernst-herzfeld-gesellschaft.com\/en\/wp-json\/wp\/v2\/users\/1"}],"replies":[{"embeddable":true,"href":"https:\/\/ernst-herzfeld-gesellschaft.com\/en\/wp-json\/wp\/v2\/comments?post=630"}],"version-history":[{"count":145,"href":"https:\/\/ernst-herzfeld-gesellschaft.com\/en\/wp-json\/wp\/v2\/pages\/630\/revisions"}],"predecessor-version":[{"id":3275,"href":"https:\/\/ernst-herzfeld-gesellschaft.com\/en\/wp-json\/wp\/v2\/pages\/630\/revisions\/3275"}],"wp:featuredmedia":[{"embeddable":true,"href":"https:\/\/ernst-herzfeld-gesellschaft.com\/en\/wp-json\/wp\/v2\/media\/45"}],"wp:attachment":[{"href":"https:\/\/ernst-herzfeld-gesellschaft.com\/en\/wp-json\/wp\/v2\/media?parent=630"}],"curies":[{"name":"wp","href":"https:\/\/api.w.org\/{rel}","templated":true}]}}